{"id":1252,"date":"2022-06-27T15:34:59","date_gmt":"2022-06-27T13:34:59","guid":{"rendered":"https:\/\/www.aubarne.fr\/?page_id=1252"},"modified":"2022-06-27T15:44:59","modified_gmt":"2022-06-27T13:44:59","slug":"politique-de-confidentialite-2","status":"publish","type":"page","link":"https:\/\/www.aubarne.fr\/index.php\/politique-de-confidentialite-2\/","title":{"rendered":"Politique de confidentialit\u00e9"},"content":{"rendered":"[et_pb_section fb_built=\u00a0\u00bb1&Prime; admin_label=\u00a0\u00bbsection\u00a0\u00bb _builder_version=\u00a0\u00bb3.22&Prime;][et_pb_row admin_label=\u00a0\u00bbrow\u00a0\u00bb _builder_version=\u00a0\u00bb3.25&Prime; background_size=\u00a0\u00bbinitial\u00a0\u00bb background_position=\u00a0\u00bbtop_left\u00a0\u00bb background_repeat=\u00a0\u00bbrepeat\u00a0\u00bb][et_pb_column type=\u00a0\u00bb4_4&Prime; _builder_version=\u00a0\u00bb3.25&Prime; custom_padding=\u00a0\u00bb|||\u00a0\u00bb custom_padding__hover=\u00a0\u00bb|||\u00a0\u00bb][et_pb_text admin_label=\u00a0\u00bbText\u00a0\u00bb _builder_version=\u00a0\u00bb4.7.7&Prime; background_size=\u00a0\u00bbinitial\u00a0\u00bb background_position=\u00a0\u00bbtop_left\u00a0\u00bb background_repeat=\u00a0\u00bbrepeat\u00a0\u00bb hover_enabled=\u00a0\u00bb0&Prime; sticky_enabled=\u00a0\u00bb0&Prime;]<h2>POLITIQUE DE CONFIDENTIALITE<\/h2>\n<p> Le site https:\/\/www.aubarne.fr\/ est la propri\u00e9t\u00e9 d&rsquo;AUBARNE Promotion Immobili\u00e8re, qui est le responsable du traitement de vos donn\u00e9es personnelles.<br \/> <\/p>\n<p>Nous avons adopt\u00e9 la pr\u00e9sente Politique de confidentialit\u00e9, qui d\u00e9termine la mani\u00e8re dont nous traitons les informations collect\u00e9es par https:\/\/www.aubarne.fr\/, qui fournit \u00e9galement les raisons pour lesquelles nous devons collecter certaines donn\u00e9es personnelles vous concernant. Par cons\u00e9quent, vous devez lire cette politique de confidentialit\u00e9 avant d&rsquo;utiliser le site web https:\/\/www.aubarne.fr\/.<br \/> Nous prenons soin de vos donn\u00e9es personnelles et nous nous engageons \u00e0 en garantir la confidentialit\u00e9 et la s\u00e9curit\u00e9.<\/p>\n<p><\/p>\n<p><br \/> <strong>Les informations personnelles que nous collectons :<\/strong><br \/> Lorsque vous visitez le site https:\/\/www.aubarne.fr\/, nous collectons automatiquement certaines informations sur votre appareil, notamment des informations sur votre navigateur web, votre adresse IP, votre fuseau horaire et certains des cookies install\u00e9s sur votre appareil. En outre, lorsque vous naviguez sur le site, nous recueillons des informations sur les pages Web ou les produits individuels que vous consultez, les sites Web ou les termes de recherche qui vous ont renvoy\u00e9 au site et la fa\u00e7on dont vous interagissez avec le site. Nous d\u00e9signons ces informations collect\u00e9es automatiquement par le terme \u00ab\u00a0informations sur les appareils\u00a0\u00bb. En outre, nous pourrions collecter les donn\u00e9es personnelles que vous nous fournissez (y compris, mais sans s&rsquo;y limiter, le nom, le pr\u00e9nom, l&rsquo;adresse, les informations de paiement, etc.) lors de l&rsquo;inscription afin de pouvoir ex\u00e9cuter le contrat.<\/p>\n<p><\/p>\n<p><br \/> <strong>Pourquoi traitons-nous vos donn\u00e9es ?<\/strong><br \/> Notre priorit\u00e9 absolue est la s\u00e9curit\u00e9 des donn\u00e9es des clients et, \u00e0 ce titre, nous ne pouvons traiter que des donn\u00e9es minimales sur les utilisateurs, uniquement dans la mesure o\u00f9 cela est absolument n\u00e9cessaire pour maintenir le site web. Les informations recueillies automatiquement sont utilis\u00e9es uniquement pour identifier les cas potentiels d&rsquo;abus et \u00e9tablir des informations statistiques concernant l&rsquo;utilisation du site web. Ces informations statistiques ne sont par ailleurs pas agr\u00e9g\u00e9es de mani\u00e8re \u00e0 pouvoir identifier un utilisateur particulier du syst\u00e8me.<\/p>\n<p><\/p>\n<p><br \/> Vous pouvez visiter le site Web sans nous dire qui vous \u00eates ni r\u00e9v\u00e9ler d&rsquo;informations permettant \u00e0 quelqu&rsquo;un de vous identifier en tant qu&rsquo;individu sp\u00e9cifique et identifiable. Toutefois, si vous souhaitez utiliser certaines fonctionnalit\u00e9s du site web, ou si vous souhaitez recevoir notre lettre d&rsquo;information ou fournir d&rsquo;autres d\u00e9tails en remplissant un formulaire, vous pouvez nous fournir des donn\u00e9es personnelles, telles que votre adresse \u00e9lectronique, votre pr\u00e9nom, votre nom, votre ville de r\u00e9sidence, votre organisation, votre num\u00e9ro de t\u00e9l\u00e9phone. Vous pouvez choisir de ne pas nous fournir vos donn\u00e9es personnelles, mais il se peut alors que vous ne puissiez pas profiter de certaines fonctionnalit\u00e9s du site web. Par exemple, vous ne pourrez pas recevoir notre bulletin d&rsquo;information ou nous contacter directement \u00e0 partir du site web. Les utilisateurs qui ne savent pas quelles informations sont obligatoires sont invit\u00e9s \u00e0 nous contacter via contact@aubarne.fr.<\/p>\n<p><\/p>\n<p><br \/> Vos droits :<br \/> Si vous \u00eates un r\u00e9sident europ\u00e9en, vous disposez des droits suivants relatifs \u00e0 vos donn\u00e9es personnelles :<\/p>\n<p><\/p>\n<p><\/p>\n<ul class=\"wp-block-list\">\n<li>Le droit d&rsquo;\u00eatre inform\u00e9.<\/li>\n<li>Le droit d&rsquo;acc\u00e8s.<\/li>\n<li>Le droit de rectification.<\/li>\n<li>Le droit \u00e0 l&rsquo;effacement.<\/li>\n<li>Le droit de restreindre le traitement.<\/li>\n<li>Le droit \u00e0 la portabilit\u00e9 des donn\u00e9es.<\/li>\n<li>le droit d&rsquo;opposition.<\/li>\n<li>Droits relatifs \u00e0 la prise de d\u00e9cision automatis\u00e9e et au profilage.\n<p>Si vous souhaitez exercer ce droit, veuillez nous contacter via les coordonn\u00e9es ci-dessous.<br \/> En outre, si vous \u00eates un r\u00e9sident europ\u00e9en, nous notons que nous traitons vos informations afin d&rsquo;ex\u00e9cuter les contrats que nous pourrions avoir avec vous (par exemple, si vous passez une commande par le biais du Site), ou autrement pour poursuivre nos int\u00e9r\u00eats commerciaux l\u00e9gitimes \u00e9num\u00e9r\u00e9s ci-dessus. En outre, veuillez noter que vos informations peuvent \u00eatre transf\u00e9r\u00e9es en dehors de l&rsquo;Europe, y compris au Canada et aux \u00c9tats-Unis.<\/p>\n<p><strong>Liens vers d&rsquo;autres sites web :<\/strong><br \/> Notre site web peut contenir des liens vers d&rsquo;autres sites web qui ne sont pas d\u00e9tenus ou contr\u00f4l\u00e9s par nous. Sachez que nous ne sommes pas responsables de ces autres sites web ni des pratiques de confidentialit\u00e9 des tiers. Nous vous encourageons \u00e0 \u00eatre attentif lorsque vous quittez notre site Web et \u00e0 lire les d\u00e9clarations de confidentialit\u00e9 de chaque site Web susceptible de recueillir des informations personnelles.<\/p>\n<p><strong>S\u00e9curit\u00e9 des informations :<\/strong><br \/> Nous s\u00e9curisons les informations que vous fournissez sur des serveurs informatiques dans un environnement contr\u00f4l\u00e9 et s\u00e9curis\u00e9, prot\u00e9g\u00e9 contre tout acc\u00e8s, utilisation ou divulgation non autoris\u00e9s. Nous maintenons des mesures de protection administratives, techniques et physiques raisonnables pour nous prot\u00e9ger contre l&rsquo;acc\u00e8s, l&rsquo;utilisation, la modification et la divulgation non autoris\u00e9s des donn\u00e9es personnelles sous son contr\u00f4le et sa garde. Toutefois, aucune transmission de donn\u00e9es sur Internet ou sur un r\u00e9seau sans fil ne peut \u00eatre garantie.<\/p>\n<p><strong>Divulgation l\u00e9gale :<\/strong><br \/> Nous divulguerons toute information que nous collectons, utilisons ou recevons si la loi l&rsquo;exige ou le permet, par exemple pour nous conformer \u00e0 une citation \u00e0 compara\u00eetre ou \u00e0 une proc\u00e9dure judiciaire similaire, et lorsque nous pensons de bonne foi que la divulgation est n\u00e9cessaire pour prot\u00e9ger nos droits, votre s\u00e9curit\u00e9 ou celle d&rsquo;autrui, enqu\u00eater sur une fraude ou r\u00e9pondre \u00e0 une demande du gouvernement.<\/p>\n<p><strong>Informations de contact :<\/strong><br \/> Si vous souhaitez nous contacter pour mieux comprendre la pr\u00e9sente Politique ou si vous souhaitez nous contacter concernant toute question relative aux droits individuels et \u00e0 vos Informations personnelles, vous pouvez envoyer un courriel \u00e0 contact@aubarne.fr.<\/p>\n<\/li>\n<\/ul>\n<p><\/p>\n[\/et_pb_text][\/et_pb_column][\/et_pb_row][\/et_pb_section]","protected":false},"excerpt":{"rendered":"<p>[et_pb_section fb_built=\u00a0\u00bb1&Prime; admin_label=\u00a0\u00bbsection\u00a0\u00bb _builder_version=\u00a0\u00bb3.22&Prime;][et_pb_row admin_label=\u00a0\u00bbrow\u00a0\u00bb _builder_version=\u00a0\u00bb3.25&Prime; background_size=\u00a0\u00bbinitial\u00a0\u00bb background_position=\u00a0\u00bbtop_left\u00a0\u00bb background_repeat=\u00a0\u00bbrepeat\u00a0\u00bb][et_pb_column type=\u00a0\u00bb4_4&Prime; _builder_version=\u00a0\u00bb3.25&Prime; custom_padding=\u00a0\u00bb|||\u00a0\u00bb custom_padding__hover=\u00a0\u00bb|||\u00a0\u00bb][et_pb_text admin_label=\u00a0\u00bbText\u00a0\u00bb _builder_version=\u00a0\u00bb4.7.7&Prime; background_size=\u00a0\u00bbinitial\u00a0\u00bb background_position=\u00a0\u00bbtop_left\u00a0\u00bb background_repeat=\u00a0\u00bbrepeat\u00a0\u00bb hover_enabled=\u00a0\u00bb0&Prime; sticky_enabled=\u00a0\u00bb0&Prime;] POLITIQUE DE CONFIDENTIALITE Le site https:\/\/www.aubarne.fr\/ est la propri\u00e9t\u00e9 d&rsquo;AUBARNE Promotion Immobili\u00e8re, qui est le responsable du traitement de vos donn\u00e9es personnelles. Nous avons adopt\u00e9 la pr\u00e9sente Politique de confidentialit\u00e9, qui d\u00e9termine la mani\u00e8re dont [&hellip;]<\/p>\n","protected":false},"author":1,"featured_media":0,"parent":0,"menu_order":0,"comment_status":"closed","ping_status":"closed","template":"","meta":{"_et_pb_use_builder":"on","_et_pb_old_content":"<!-- wp:paragraph -->\n<p><br>Le site https:\/\/www.aubarne.fr\/ est la propri\u00e9t\u00e9 d'AUBARNE Promotion Immobili\u00e8re, qui est le responsable du traitement de vos donn\u00e9es personnelles.<br><\/p>\n<!-- \/wp:paragraph -->\n\n<!-- wp:paragraph -->\n<p>Nous avons adopt\u00e9 la pr\u00e9sente Politique de confidentialit\u00e9, qui d\u00e9termine la mani\u00e8re dont nous traitons les informations collect\u00e9es par https:\/\/www.aubarne.fr\/, qui fournit \u00e9galement les raisons pour lesquelles nous devons collecter certaines donn\u00e9es personnelles vous concernant. Par cons\u00e9quent, vous devez lire cette politique de confidentialit\u00e9 avant d'utiliser le site web https:\/\/www.aubarne.fr\/.<br>Nous prenons soin de vos donn\u00e9es personnelles et nous nous engageons \u00e0 en garantir la confidentialit\u00e9 et la s\u00e9curit\u00e9.<\/p>\n<!-- \/wp:paragraph -->\n\n<!-- wp:paragraph -->\n<p><br><strong>Les informations personnelles que nous collectons :<\/strong><br>Lorsque vous visitez le site https:\/\/www.aubarne.fr\/, nous collectons automatiquement certaines informations sur votre appareil, notamment des informations sur votre navigateur web, votre adresse IP, votre fuseau horaire et certains des cookies install\u00e9s sur votre appareil. En outre, lorsque vous naviguez sur le site, nous recueillons des informations sur les pages Web ou les produits individuels que vous consultez, les sites Web ou les termes de recherche qui vous ont renvoy\u00e9 au site et la fa\u00e7on dont vous interagissez avec le site. Nous d\u00e9signons ces informations collect\u00e9es automatiquement par le terme \"informations sur les appareils\". En outre, nous pourrions collecter les donn\u00e9es personnelles que vous nous fournissez (y compris, mais sans s'y limiter, le nom, le pr\u00e9nom, l'adresse, les informations de paiement, etc.) lors de l'inscription afin de pouvoir ex\u00e9cuter le contrat.<\/p>\n<!-- \/wp:paragraph -->\n\n<!-- wp:paragraph -->\n<p><br><strong>Pourquoi traitons-nous vos donn\u00e9es ?<\/strong><br>Notre priorit\u00e9 absolue est la s\u00e9curit\u00e9 des donn\u00e9es des clients et, \u00e0 ce titre, nous ne pouvons traiter que des donn\u00e9es minimales sur les utilisateurs, uniquement dans la mesure o\u00f9 cela est absolument n\u00e9cessaire pour maintenir le site web. Les informations recueillies automatiquement sont utilis\u00e9es uniquement pour identifier les cas potentiels d'abus et \u00e9tablir des informations statistiques concernant l'utilisation du site web. Ces informations statistiques ne sont par ailleurs pas agr\u00e9g\u00e9es de mani\u00e8re \u00e0 pouvoir identifier un utilisateur particulier du syst\u00e8me.<\/p>\n<!-- \/wp:paragraph -->\n\n<!-- wp:paragraph -->\n<p><br>Vous pouvez visiter le site Web sans nous dire qui vous \u00eates ni r\u00e9v\u00e9ler d'informations permettant \u00e0 quelqu'un de vous identifier en tant qu'individu sp\u00e9cifique et identifiable. Toutefois, si vous souhaitez utiliser certaines fonctionnalit\u00e9s du site web, ou si vous souhaitez recevoir notre lettre d'information ou fournir d'autres d\u00e9tails en remplissant un formulaire, vous pouvez nous fournir des donn\u00e9es personnelles, telles que votre adresse \u00e9lectronique, votre pr\u00e9nom, votre nom, votre ville de r\u00e9sidence, votre organisation, votre num\u00e9ro de t\u00e9l\u00e9phone. Vous pouvez choisir de ne pas nous fournir vos donn\u00e9es personnelles, mais il se peut alors que vous ne puissiez pas profiter de certaines fonctionnalit\u00e9s du site web. Par exemple, vous ne pourrez pas recevoir notre bulletin d'information ou nous contacter directement \u00e0 partir du site web. Les utilisateurs qui ne savent pas quelles informations sont obligatoires sont invit\u00e9s \u00e0 nous contacter via contact@aubarne.fr.<\/p>\n<!-- \/wp:paragraph -->\n\n<!-- wp:paragraph -->\n<p><br>Vos droits :<br>Si vous \u00eates un r\u00e9sident europ\u00e9en, vous disposez des droits suivants relatifs \u00e0 vos donn\u00e9es personnelles :<\/p>\n<!-- \/wp:paragraph -->\n\n<!-- wp:list -->\n<ul><li>Le droit d'\u00eatre inform\u00e9.<\/li><li>Le droit d'acc\u00e8s.<\/li><li>Le droit de rectification.<\/li><li>Le droit \u00e0 l'effacement.<\/li><li>Le droit de restreindre le traitement.<\/li><li>Le droit \u00e0 la portabilit\u00e9 des donn\u00e9es.<\/li><li>le droit d'opposition.<\/li><li>Droits relatifs \u00e0 la prise de d\u00e9cision automatis\u00e9e et au profilage.<br><br>Si vous souhaitez exercer ce droit, veuillez nous contacter via les coordonn\u00e9es ci-dessous.<br>En outre, si vous \u00eates un r\u00e9sident europ\u00e9en, nous notons que nous traitons vos informations afin d'ex\u00e9cuter les contrats que nous pourrions avoir avec vous (par exemple, si vous passez une commande par le biais du Site), ou autrement pour poursuivre nos int\u00e9r\u00eats commerciaux l\u00e9gitimes \u00e9num\u00e9r\u00e9s ci-dessus. En outre, veuillez noter que vos informations peuvent \u00eatre transf\u00e9r\u00e9es en dehors de l'Europe, y compris au Canada et aux \u00c9tats-Unis.<br><br><strong>Liens vers d'autres sites web :<\/strong><br>Notre site web peut contenir des liens vers d'autres sites web qui ne sont pas d\u00e9tenus ou contr\u00f4l\u00e9s par nous. Sachez que nous ne sommes pas responsables de ces autres sites web ni des pratiques de confidentialit\u00e9 des tiers. Nous vous encourageons \u00e0 \u00eatre attentif lorsque vous quittez notre site Web et \u00e0 lire les d\u00e9clarations de confidentialit\u00e9 de chaque site Web susceptible de recueillir des informations personnelles.<br><br><strong>S\u00e9curit\u00e9 des informations :<\/strong><br>Nous s\u00e9curisons les informations que vous fournissez sur des serveurs informatiques dans un environnement contr\u00f4l\u00e9 et s\u00e9curis\u00e9, prot\u00e9g\u00e9 contre tout acc\u00e8s, utilisation ou divulgation non autoris\u00e9s. Nous maintenons des mesures de protection administratives, techniques et physiques raisonnables pour nous prot\u00e9ger contre l'acc\u00e8s, l'utilisation, la modification et la divulgation non autoris\u00e9s des donn\u00e9es personnelles sous son contr\u00f4le et sa garde. Toutefois, aucune transmission de donn\u00e9es sur Internet ou sur un r\u00e9seau sans fil ne peut \u00eatre garantie.<br><br><strong>Divulgation l\u00e9gale :<\/strong><br>Nous divulguerons toute information que nous collectons, utilisons ou recevons si la loi l'exige ou le permet, par exemple pour nous conformer \u00e0 une citation \u00e0 compara\u00eetre ou \u00e0 une proc\u00e9dure judiciaire similaire, et lorsque nous pensons de bonne foi que la divulgation est n\u00e9cessaire pour prot\u00e9ger nos droits, votre s\u00e9curit\u00e9 ou celle d'autrui, enqu\u00eater sur une fraude ou r\u00e9pondre \u00e0 une demande du gouvernement.<br><br><strong>Informations de contact :<\/strong><br>Si vous souhaitez nous contacter pour mieux comprendre la pr\u00e9sente Politique ou si vous souhaitez nous contacter concernant toute question relative aux droits individuels et \u00e0 vos Informations personnelles, vous pouvez envoyer un courriel \u00e0 contact@aubarne.fr.<\/li><\/ul>\n<!-- \/wp:list -->","_et_gb_content_width":"","footnotes":""},"class_list":["post-1252","page","type-page","status-publish","hentry"],"yoast_head":"<!-- This site is optimized with the Yoast SEO plugin v26.8 - https:\/\/yoast.com\/product\/yoast-seo-wordpress\/ -->\n<title>Politique de confidentialit\u00e9 - Aubarne Promotion immobili\u00e8re<\/title>\n<meta name=\"robots\" content=\"index, follow, max-snippet:-1, max-image-preview:large, max-video-preview:-1\" \/>\n<link rel=\"canonical\" href=\"https:\/\/www.aubarne.fr\/index.php\/politique-de-confidentialite-2\/\" \/>\n<meta property=\"og:locale\" content=\"fr_FR\" \/>\n<meta property=\"og:type\" content=\"article\" \/>\n<meta property=\"og:title\" content=\"Politique de confidentialit\u00e9 - Aubarne Promotion immobili\u00e8re\" \/>\n<meta property=\"og:description\" content=\"[et_pb_section fb_built=\u00a0\u00bb1&Prime; admin_label=\u00a0\u00bbsection\u00a0\u00bb _builder_version=\u00a0\u00bb3.22&Prime;][et_pb_row admin_label=\u00a0\u00bbrow\u00a0\u00bb _builder_version=\u00a0\u00bb3.25&Prime; background_size=\u00a0\u00bbinitial\u00a0\u00bb background_position=\u00a0\u00bbtop_left\u00a0\u00bb background_repeat=\u00a0\u00bbrepeat\u00a0\u00bb][et_pb_column type=\u00a0\u00bb4_4&Prime; _builder_version=\u00a0\u00bb3.25&Prime; custom_padding=\u00a0\u00bb|||\u00a0\u00bb custom_padding__hover=\u00a0\u00bb|||\u00a0\u00bb][et_pb_text admin_label=\u00a0\u00bbText\u00a0\u00bb _builder_version=\u00a0\u00bb4.7.7&Prime; background_size=\u00a0\u00bbinitial\u00a0\u00bb background_position=\u00a0\u00bbtop_left\u00a0\u00bb background_repeat=\u00a0\u00bbrepeat\u00a0\u00bb hover_enabled=\u00a0\u00bb0&Prime; sticky_enabled=\u00a0\u00bb0&Prime;] POLITIQUE DE CONFIDENTIALITE Le site https:\/\/www.aubarne.fr\/ est la propri\u00e9t\u00e9 d&rsquo;AUBARNE Promotion Immobili\u00e8re, qui est le responsable du traitement de vos donn\u00e9es personnelles. Nous avons adopt\u00e9 la pr\u00e9sente Politique de confidentialit\u00e9, qui d\u00e9termine la mani\u00e8re dont [&hellip;]\" \/>\n<meta property=\"og:url\" content=\"https:\/\/www.aubarne.fr\/index.php\/politique-de-confidentialite-2\/\" \/>\n<meta property=\"og:site_name\" content=\"Aubarne Promotion immobili\u00e8re\" \/>\n<meta property=\"article:modified_time\" content=\"2022-06-27T13:44:59+00:00\" \/>\n<meta name=\"twitter:card\" content=\"summary_large_image\" \/>\n<meta name=\"twitter:label1\" content=\"Dur\u00e9e de lecture estim\u00e9e\" \/>\n\t<meta name=\"twitter:data1\" content=\"5 minutes\" \/>\n<script type=\"application\/ld+json\" class=\"yoast-schema-graph\">{\"@context\":\"https:\/\/schema.org\",\"@graph\":[{\"@type\":\"WebPage\",\"@id\":\"https:\/\/www.aubarne.fr\/index.php\/politique-de-confidentialite-2\/\",\"url\":\"https:\/\/www.aubarne.fr\/index.php\/politique-de-confidentialite-2\/\",\"name\":\"Politique de confidentialit\u00e9 - Aubarne Promotion immobili\u00e8re\",\"isPartOf\":{\"@id\":\"https:\/\/www.aubarne.fr\/#website\"},\"datePublished\":\"2022-06-27T13:34:59+00:00\",\"dateModified\":\"2022-06-27T13:44:59+00:00\",\"breadcrumb\":{\"@id\":\"https:\/\/www.aubarne.fr\/index.php\/politique-de-confidentialite-2\/#breadcrumb\"},\"inLanguage\":\"fr-FR\",\"potentialAction\":[{\"@type\":\"ReadAction\",\"target\":[\"https:\/\/www.aubarne.fr\/index.php\/politique-de-confidentialite-2\/\"]}]},{\"@type\":\"BreadcrumbList\",\"@id\":\"https:\/\/www.aubarne.fr\/index.php\/politique-de-confidentialite-2\/#breadcrumb\",\"itemListElement\":[{\"@type\":\"ListItem\",\"position\":1,\"name\":\"Accueil\",\"item\":\"https:\/\/www.aubarne.fr\/\"},{\"@type\":\"ListItem\",\"position\":2,\"name\":\"Politique de confidentialit\u00e9\"}]},{\"@type\":\"WebSite\",\"@id\":\"https:\/\/www.aubarne.fr\/#website\",\"url\":\"https:\/\/www.aubarne.fr\/\",\"name\":\"Aubarne Promotion immobili\u00e8re\",\"description\":\"Un promoteur \u00e0 votre \u00e9coute\",\"potentialAction\":[{\"@type\":\"SearchAction\",\"target\":{\"@type\":\"EntryPoint\",\"urlTemplate\":\"https:\/\/www.aubarne.fr\/?s={search_term_string}\"},\"query-input\":{\"@type\":\"PropertyValueSpecification\",\"valueRequired\":true,\"valueName\":\"search_term_string\"}}],\"inLanguage\":\"fr-FR\"}]}<\/script>\n<!-- \/ Yoast SEO plugin. -->","yoast_head_json":{"title":"Politique de confidentialit\u00e9 - Aubarne Promotion immobili\u00e8re","robots":{"index":"index","follow":"follow","max-snippet":"max-snippet:-1","max-image-preview":"max-image-preview:large","max-video-preview":"max-video-preview:-1"},"canonical":"https:\/\/www.aubarne.fr\/index.php\/politique-de-confidentialite-2\/","og_locale":"fr_FR","og_type":"article","og_title":"Politique de confidentialit\u00e9 - Aubarne Promotion immobili\u00e8re","og_description":"[et_pb_section fb_built=\u00a0\u00bb1&Prime; admin_label=\u00a0\u00bbsection\u00a0\u00bb _builder_version=\u00a0\u00bb3.22&Prime;][et_pb_row admin_label=\u00a0\u00bbrow\u00a0\u00bb _builder_version=\u00a0\u00bb3.25&Prime; background_size=\u00a0\u00bbinitial\u00a0\u00bb background_position=\u00a0\u00bbtop_left\u00a0\u00bb background_repeat=\u00a0\u00bbrepeat\u00a0\u00bb][et_pb_column type=\u00a0\u00bb4_4&Prime; _builder_version=\u00a0\u00bb3.25&Prime; custom_padding=\u00a0\u00bb|||\u00a0\u00bb custom_padding__hover=\u00a0\u00bb|||\u00a0\u00bb][et_pb_text admin_label=\u00a0\u00bbText\u00a0\u00bb _builder_version=\u00a0\u00bb4.7.7&Prime; background_size=\u00a0\u00bbinitial\u00a0\u00bb background_position=\u00a0\u00bbtop_left\u00a0\u00bb background_repeat=\u00a0\u00bbrepeat\u00a0\u00bb hover_enabled=\u00a0\u00bb0&Prime; sticky_enabled=\u00a0\u00bb0&Prime;] POLITIQUE DE CONFIDENTIALITE Le site https:\/\/www.aubarne.fr\/ est la propri\u00e9t\u00e9 d&rsquo;AUBARNE Promotion Immobili\u00e8re, qui est le responsable du traitement de vos donn\u00e9es personnelles. Nous avons adopt\u00e9 la pr\u00e9sente Politique de confidentialit\u00e9, qui d\u00e9termine la mani\u00e8re dont [&hellip;]","og_url":"https:\/\/www.aubarne.fr\/index.php\/politique-de-confidentialite-2\/","og_site_name":"Aubarne Promotion immobili\u00e8re","article_modified_time":"2022-06-27T13:44:59+00:00","twitter_card":"summary_large_image","twitter_misc":{"Dur\u00e9e de lecture estim\u00e9e":"5 minutes"},"schema":{"@context":"https:\/\/schema.org","@graph":[{"@type":"WebPage","@id":"https:\/\/www.aubarne.fr\/index.php\/politique-de-confidentialite-2\/","url":"https:\/\/www.aubarne.fr\/index.php\/politique-de-confidentialite-2\/","name":"Politique de confidentialit\u00e9 - Aubarne Promotion immobili\u00e8re","isPartOf":{"@id":"https:\/\/www.aubarne.fr\/#website"},"datePublished":"2022-06-27T13:34:59+00:00","dateModified":"2022-06-27T13:44:59+00:00","breadcrumb":{"@id":"https:\/\/www.aubarne.fr\/index.php\/politique-de-confidentialite-2\/#breadcrumb"},"inLanguage":"fr-FR","potentialAction":[{"@type":"ReadAction","target":["https:\/\/www.aubarne.fr\/index.php\/politique-de-confidentialite-2\/"]}]},{"@type":"BreadcrumbList","@id":"https:\/\/www.aubarne.fr\/index.php\/politique-de-confidentialite-2\/#breadcrumb","itemListElement":[{"@type":"ListItem","position":1,"name":"Accueil","item":"https:\/\/www.aubarne.fr\/"},{"@type":"ListItem","position":2,"name":"Politique de confidentialit\u00e9"}]},{"@type":"WebSite","@id":"https:\/\/www.aubarne.fr\/#website","url":"https:\/\/www.aubarne.fr\/","name":"Aubarne Promotion immobili\u00e8re","description":"Un promoteur \u00e0 votre \u00e9coute","potentialAction":[{"@type":"SearchAction","target":{"@type":"EntryPoint","urlTemplate":"https:\/\/www.aubarne.fr\/?s={search_term_string}"},"query-input":{"@type":"PropertyValueSpecification","valueRequired":true,"valueName":"search_term_string"}}],"inLanguage":"fr-FR"}]}},"_links":{"self":[{"href":"https:\/\/www.aubarne.fr\/index.php\/wp-json\/wp\/v2\/pages\/1252","targetHints":{"allow":["GET"]}}],"collection":[{"href":"https:\/\/www.aubarne.fr\/index.php\/wp-json\/wp\/v2\/pages"}],"about":[{"href":"https:\/\/www.aubarne.fr\/index.php\/wp-json\/wp\/v2\/types\/page"}],"author":[{"embeddable":true,"href":"https:\/\/www.aubarne.fr\/index.php\/wp-json\/wp\/v2\/users\/1"}],"replies":[{"embeddable":true,"href":"https:\/\/www.aubarne.fr\/index.php\/wp-json\/wp\/v2\/comments?post=1252"}],"version-history":[{"count":4,"href":"https:\/\/www.aubarne.fr\/index.php\/wp-json\/wp\/v2\/pages\/1252\/revisions"}],"predecessor-version":[{"id":1260,"href":"https:\/\/www.aubarne.fr\/index.php\/wp-json\/wp\/v2\/pages\/1252\/revisions\/1260"}],"wp:attachment":[{"href":"https:\/\/www.aubarne.fr\/index.php\/wp-json\/wp\/v2\/media?parent=1252"}],"curies":[{"name":"wp","href":"https:\/\/api.w.org\/{rel}","templated":true}]}}