{"id":623,"date":"2022-02-04T15:08:10","date_gmt":"2022-02-04T14:08:10","guid":{"rendered":"http:\/\/aubarnx.cluster030.hosting.ovh.net\/?page_id=623"},"modified":"2024-02-06T09:42:24","modified_gmt":"2024-02-06T08:42:24","slug":"623-2","status":"publish","type":"page","link":"https:\/\/www.aubarne.fr\/index.php\/623-2\/","title":{"rendered":"Le Clos des Bouviers"},"content":{"rendered":"<p>[et_pb_section fb_built=\u00a0\u00bb1&Prime; _builder_version=\u00a0\u00bb4.7.7&Prime; _module_preset=\u00a0\u00bbdefault\u00a0\u00bb background_image=\u00a0\u00bbhttps:\/\/www.aubarne.fr\/wp-content\/uploads\/2022\/02\/Persepective-nord-est-CDB-HD-scaled.jpg\u00a0\u00bb custom_padding=\u00a0\u00bb||577px|||\u00a0\u00bb][et_pb_row _builder_version=\u00a0\u00bb4.7.7&Prime; _module_preset=\u00a0\u00bbdefault\u00a0\u00bb][et_pb_column type=\u00a0\u00bb4_4&Prime; _builder_version=\u00a0\u00bb4.7.7&Prime; _module_preset=\u00a0\u00bbdefault\u00a0\u00bb][et_pb_text _builder_version=\u00a0\u00bb4.7.7&Prime; _module_preset=\u00a0\u00bbdefault\u00a0\u00bb text_font=\u00a0\u00bb|700|||||||\u00a0\u00bb text_text_color=\u00a0\u00bb#ffffff\u00a0\u00bb text_font_size=\u00a0\u00bb32px\u00a0\u00bb]<\/p>\n<h1>Le Clos des Bouviers \u00e0 Survilliers, Val d&rsquo;Oise<\/h1>\n<p>[\/et_pb_text][\/et_pb_column][\/et_pb_row][\/et_pb_section][et_pb_section fb_built=\u00a0\u00bb1&Prime; _builder_version=\u00a0\u00bb4.7.7&Prime; _module_preset=\u00a0\u00bbdefault\u00a0\u00bb][et_pb_row column_structure=\u00a0\u00bb2_5,3_5&Prime; _builder_version=\u00a0\u00bb4.7.7&Prime; _module_preset=\u00a0\u00bbdefault\u00a0\u00bb][et_pb_column type=\u00a0\u00bb2_5&Prime; _builder_version=\u00a0\u00bb4.7.7&Prime; _module_preset=\u00a0\u00bbdefault\u00a0\u00bb][et_pb_image src=\u00a0\u00bbhttps:\/\/www.aubarne.fr\/wp-content\/uploads\/2021\/06\/logo-clos-des-bouviers-gd.png\u00a0\u00bb title_text=\u00a0\u00bblogo clos des bouviers gd\u00a0\u00bb _builder_version=\u00a0\u00bb4.7.7&Prime; _module_preset=\u00a0\u00bbdefault\u00a0\u00bb][\/et_pb_image][\/et_pb_column][et_pb_column type=\u00a0\u00bb3_5&Prime; _builder_version=\u00a0\u00bb4.7.7&Prime; _module_preset=\u00a0\u00bbdefault\u00a0\u00bb][et_pb_text _builder_version=\u00a0\u00bb4.7.7&Prime; _module_preset=\u00a0\u00bbdefault\u00a0\u00bb hover_enabled=\u00a0\u00bb0&Prime; sticky_enabled=\u00a0\u00bb0&Prime;]<\/p>\n<p><strong>Le Clos des Bouviers<\/strong> est un programme de 31 logements de qualit\u00e9, du studio au 4 pi\u00e8ces avec jardins, terrasses ou balcons.<\/p>\n<p>Situ\u00e9e \u00e0 proximit\u00e9 imm\u00e9diate du centre ville de <strong>Survilliers<\/strong> et de nombreux services, la r\u00e9sidence b\u00e9n\u00e9ficie d\u2019une localisation id\u00e9ale et s\u2019int\u00e8gre dans l\u2019environnement calme d\u2019un \u00eelot de verdure.<\/p>\n<p>L\u2019ensemble est s\u00e9curis\u00e9 et tous les appartements disposent de spacieux balcons, terrasses ou jardins privatifs ainsi que d\u2019emplacements de stationnement ext\u00e9rieur et\/ou de garages individuels ferm\u00e9s en sous-sol.<\/p>\n<p>Les logements r\u00e9pondent \u00e0 la r\u00e9glementation thermique RT 2012 et sont en cours de certification BEE+ Niveau RT 2012 -20% d\u00e9livr\u00e9e par Prestaterre Certifications.<\/p>\n<p>[\/et_pb_text][\/et_pb_column][\/et_pb_row][\/et_pb_section][et_pb_section fb_built=\u00a0\u00bb1&Prime; _builder_version=\u00a0\u00bb4.7.7&Prime; _module_preset=\u00a0\u00bbdefault\u00a0\u00bb][\/et_pb_section]<\/p>\n","protected":false},"excerpt":{"rendered":"<p>[et_pb_section fb_built=\u00a0\u00bb1&Prime; _builder_version=\u00a0\u00bb4.7.7&Prime; _module_preset=\u00a0\u00bbdefault\u00a0\u00bb background_image=\u00a0\u00bbhttps:\/\/www.aubarne.fr\/wp-content\/uploads\/2022\/02\/Persepective-nord-est-CDB-HD-scaled.jpg\u00a0\u00bb custom_padding=\u00a0\u00bb||577px|||\u00a0\u00bb][et_pb_row _builder_version=\u00a0\u00bb4.7.7&Prime; _module_preset=\u00a0\u00bbdefault\u00a0\u00bb][et_pb_column type=\u00a0\u00bb4_4&Prime; _builder_version=\u00a0\u00bb4.7.7&Prime; _module_preset=\u00a0\u00bbdefault\u00a0\u00bb][et_pb_text _builder_version=\u00a0\u00bb4.7.7&Prime; _module_preset=\u00a0\u00bbdefault\u00a0\u00bb text_font=\u00a0\u00bb|700|||||||\u00a0\u00bb text_text_color=\u00a0\u00bb#ffffff\u00a0\u00bb text_font_size=\u00a0\u00bb32px\u00a0\u00bb] Le Clos des Bouviers \u00e0 Survilliers, Val d&rsquo;Oise [\/et_pb_text][\/et_pb_column][\/et_pb_row][\/et_pb_section][et_pb_section fb_built=\u00a0\u00bb1&Prime; _builder_version=\u00a0\u00bb4.7.7&Prime; _module_preset=\u00a0\u00bbdefault\u00a0\u00bb][et_pb_row column_structure=\u00a0\u00bb2_5,3_5&Prime; _builder_version=\u00a0\u00bb4.7.7&Prime; _module_preset=\u00a0\u00bbdefault\u00a0\u00bb][et_pb_column type=\u00a0\u00bb2_5&Prime; _builder_version=\u00a0\u00bb4.7.7&Prime; _module_preset=\u00a0\u00bbdefault\u00a0\u00bb][et_pb_image src=\u00a0\u00bbhttps:\/\/www.aubarne.fr\/wp-content\/uploads\/2021\/06\/logo-clos-des-bouviers-gd.png\u00a0\u00bb title_text=\u00a0\u00bblogo clos des bouviers gd\u00a0\u00bb _builder_version=\u00a0\u00bb4.7.7&Prime; _module_preset=\u00a0\u00bbdefault\u00a0\u00bb][\/et_pb_image][\/et_pb_column][et_pb_column type=\u00a0\u00bb3_5&Prime; _builder_version=\u00a0\u00bb4.7.7&Prime; _module_preset=\u00a0\u00bbdefault\u00a0\u00bb][et_pb_text _builder_version=\u00a0\u00bb4.7.7&Prime; _module_preset=\u00a0\u00bbdefault\u00a0\u00bb hover_enabled=\u00a0\u00bb0&Prime; sticky_enabled=\u00a0\u00bb0&Prime;] Le Clos des Bouviers est un [&hellip;]<\/p>\n","protected":false},"author":1,"featured_media":0,"parent":0,"menu_order":0,"comment_status":"closed","ping_status":"closed","template":"","meta":{"_et_pb_use_builder":"on","_et_pb_old_content":"","_et_gb_content_width":"","footnotes":""},"class_list":["post-623","page","type-page","status-publish","hentry"],"yoast_head":"<!-- This site is optimized with the Yoast SEO plugin v26.8 - https:\/\/yoast.com\/product\/yoast-seo-wordpress\/ -->\n<title>Le Clos des Bouviers - Aubarne Promotion immobili\u00e8re<\/title>\n<meta name=\"robots\" content=\"index, follow, max-snippet:-1, max-image-preview:large, max-video-preview:-1\" \/>\n<link rel=\"canonical\" href=\"https:\/\/www.aubarne.fr\/index.php\/623-2\/\" \/>\n<meta property=\"og:locale\" content=\"fr_FR\" \/>\n<meta property=\"og:type\" content=\"article\" \/>\n<meta property=\"og:title\" content=\"Le Clos des Bouviers - Aubarne Promotion immobili\u00e8re\" \/>\n<meta property=\"og:description\" content=\"[et_pb_section fb_built=\u00a0\u00bb1&Prime; _builder_version=\u00a0\u00bb4.7.7&Prime; _module_preset=\u00a0\u00bbdefault\u00a0\u00bb background_image=\u00a0\u00bbhttps:\/\/www.aubarne.fr\/wp-content\/uploads\/2022\/02\/Persepective-nord-est-CDB-HD-scaled.jpg\u00a0\u00bb custom_padding=\u00a0\u00bb||577px|||\u00a0\u00bb][et_pb_row _builder_version=\u00a0\u00bb4.7.7&Prime; _module_preset=\u00a0\u00bbdefault\u00a0\u00bb][et_pb_column type=\u00a0\u00bb4_4&Prime; _builder_version=\u00a0\u00bb4.7.7&Prime; _module_preset=\u00a0\u00bbdefault\u00a0\u00bb][et_pb_text _builder_version=\u00a0\u00bb4.7.7&Prime; _module_preset=\u00a0\u00bbdefault\u00a0\u00bb text_font=\u00a0\u00bb|700|||||||\u00a0\u00bb text_text_color=\u00a0\u00bb#ffffff\u00a0\u00bb text_font_size=\u00a0\u00bb32px\u00a0\u00bb] Le Clos des Bouviers \u00e0 Survilliers, Val d&rsquo;Oise [\/et_pb_text][\/et_pb_column][\/et_pb_row][\/et_pb_section][et_pb_section fb_built=\u00a0\u00bb1&Prime; _builder_version=\u00a0\u00bb4.7.7&Prime; _module_preset=\u00a0\u00bbdefault\u00a0\u00bb][et_pb_row column_structure=\u00a0\u00bb2_5,3_5&Prime; _builder_version=\u00a0\u00bb4.7.7&Prime; _module_preset=\u00a0\u00bbdefault\u00a0\u00bb][et_pb_column type=\u00a0\u00bb2_5&Prime; _builder_version=\u00a0\u00bb4.7.7&Prime; _module_preset=\u00a0\u00bbdefault\u00a0\u00bb][et_pb_image src=\u00a0\u00bbhttps:\/\/www.aubarne.fr\/wp-content\/uploads\/2021\/06\/logo-clos-des-bouviers-gd.png\u00a0\u00bb title_text=\u00a0\u00bblogo clos des bouviers gd\u00a0\u00bb _builder_version=\u00a0\u00bb4.7.7&Prime; _module_preset=\u00a0\u00bbdefault\u00a0\u00bb][\/et_pb_image][\/et_pb_column][et_pb_column type=\u00a0\u00bb3_5&Prime; _builder_version=\u00a0\u00bb4.7.7&Prime; _module_preset=\u00a0\u00bbdefault\u00a0\u00bb][et_pb_text _builder_version=\u00a0\u00bb4.7.7&Prime; _module_preset=\u00a0\u00bbdefault\u00a0\u00bb hover_enabled=\u00a0\u00bb0&Prime; sticky_enabled=\u00a0\u00bb0&Prime;] Le Clos des Bouviers est un [&hellip;]\" \/>\n<meta property=\"og:url\" content=\"https:\/\/www.aubarne.fr\/index.php\/623-2\/\" \/>\n<meta property=\"og:site_name\" content=\"Aubarne Promotion immobili\u00e8re\" \/>\n<meta property=\"article:modified_time\" content=\"2024-02-06T08:42:24+00:00\" \/>\n<meta name=\"twitter:card\" content=\"summary_large_image\" \/>\n<meta name=\"twitter:label1\" content=\"Dur\u00e9e de lecture estim\u00e9e\" \/>\n\t<meta name=\"twitter:data1\" content=\"1 minute\" \/>\n<script type=\"application\/ld+json\" class=\"yoast-schema-graph\">{\"@context\":\"https:\/\/schema.org\",\"@graph\":[{\"@type\":\"WebPage\",\"@id\":\"https:\/\/www.aubarne.fr\/index.php\/623-2\/\",\"url\":\"https:\/\/www.aubarne.fr\/index.php\/623-2\/\",\"name\":\"Le Clos des Bouviers - Aubarne Promotion immobili\u00e8re\",\"isPartOf\":{\"@id\":\"https:\/\/www.aubarne.fr\/#website\"},\"datePublished\":\"2022-02-04T14:08:10+00:00\",\"dateModified\":\"2024-02-06T08:42:24+00:00\",\"breadcrumb\":{\"@id\":\"https:\/\/www.aubarne.fr\/index.php\/623-2\/#breadcrumb\"},\"inLanguage\":\"fr-FR\",\"potentialAction\":[{\"@type\":\"ReadAction\",\"target\":[\"https:\/\/www.aubarne.fr\/index.php\/623-2\/\"]}]},{\"@type\":\"BreadcrumbList\",\"@id\":\"https:\/\/www.aubarne.fr\/index.php\/623-2\/#breadcrumb\",\"itemListElement\":[{\"@type\":\"ListItem\",\"position\":1,\"name\":\"Accueil\",\"item\":\"https:\/\/www.aubarne.fr\/\"},{\"@type\":\"ListItem\",\"position\":2,\"name\":\"Le Clos des Bouviers\"}]},{\"@type\":\"WebSite\",\"@id\":\"https:\/\/www.aubarne.fr\/#website\",\"url\":\"https:\/\/www.aubarne.fr\/\",\"name\":\"Aubarne Promotion immobili\u00e8re\",\"description\":\"Un promoteur \u00e0 votre \u00e9coute\",\"potentialAction\":[{\"@type\":\"SearchAction\",\"target\":{\"@type\":\"EntryPoint\",\"urlTemplate\":\"https:\/\/www.aubarne.fr\/?s={search_term_string}\"},\"query-input\":{\"@type\":\"PropertyValueSpecification\",\"valueRequired\":true,\"valueName\":\"search_term_string\"}}],\"inLanguage\":\"fr-FR\"}]}<\/script>\n<!-- \/ Yoast SEO plugin. -->","yoast_head_json":{"title":"Le Clos des Bouviers - Aubarne Promotion immobili\u00e8re","robots":{"index":"index","follow":"follow","max-snippet":"max-snippet:-1","max-image-preview":"max-image-preview:large","max-video-preview":"max-video-preview:-1"},"canonical":"https:\/\/www.aubarne.fr\/index.php\/623-2\/","og_locale":"fr_FR","og_type":"article","og_title":"Le Clos des Bouviers - Aubarne Promotion immobili\u00e8re","og_description":"[et_pb_section fb_built=\u00a0\u00bb1&Prime; _builder_version=\u00a0\u00bb4.7.7&Prime; _module_preset=\u00a0\u00bbdefault\u00a0\u00bb background_image=\u00a0\u00bbhttps:\/\/www.aubarne.fr\/wp-content\/uploads\/2022\/02\/Persepective-nord-est-CDB-HD-scaled.jpg\u00a0\u00bb custom_padding=\u00a0\u00bb||577px|||\u00a0\u00bb][et_pb_row _builder_version=\u00a0\u00bb4.7.7&Prime; _module_preset=\u00a0\u00bbdefault\u00a0\u00bb][et_pb_column type=\u00a0\u00bb4_4&Prime; _builder_version=\u00a0\u00bb4.7.7&Prime; _module_preset=\u00a0\u00bbdefault\u00a0\u00bb][et_pb_text _builder_version=\u00a0\u00bb4.7.7&Prime; _module_preset=\u00a0\u00bbdefault\u00a0\u00bb text_font=\u00a0\u00bb|700|||||||\u00a0\u00bb text_text_color=\u00a0\u00bb#ffffff\u00a0\u00bb text_font_size=\u00a0\u00bb32px\u00a0\u00bb] Le Clos des Bouviers \u00e0 Survilliers, Val d&rsquo;Oise [\/et_pb_text][\/et_pb_column][\/et_pb_row][\/et_pb_section][et_pb_section fb_built=\u00a0\u00bb1&Prime; _builder_version=\u00a0\u00bb4.7.7&Prime; _module_preset=\u00a0\u00bbdefault\u00a0\u00bb][et_pb_row column_structure=\u00a0\u00bb2_5,3_5&Prime; _builder_version=\u00a0\u00bb4.7.7&Prime; _module_preset=\u00a0\u00bbdefault\u00a0\u00bb][et_pb_column type=\u00a0\u00bb2_5&Prime; _builder_version=\u00a0\u00bb4.7.7&Prime; _module_preset=\u00a0\u00bbdefault\u00a0\u00bb][et_pb_image src=\u00a0\u00bbhttps:\/\/www.aubarne.fr\/wp-content\/uploads\/2021\/06\/logo-clos-des-bouviers-gd.png\u00a0\u00bb title_text=\u00a0\u00bblogo clos des bouviers gd\u00a0\u00bb _builder_version=\u00a0\u00bb4.7.7&Prime; _module_preset=\u00a0\u00bbdefault\u00a0\u00bb][\/et_pb_image][\/et_pb_column][et_pb_column type=\u00a0\u00bb3_5&Prime; _builder_version=\u00a0\u00bb4.7.7&Prime; _module_preset=\u00a0\u00bbdefault\u00a0\u00bb][et_pb_text _builder_version=\u00a0\u00bb4.7.7&Prime; _module_preset=\u00a0\u00bbdefault\u00a0\u00bb hover_enabled=\u00a0\u00bb0&Prime; sticky_enabled=\u00a0\u00bb0&Prime;] Le Clos des Bouviers est un [&hellip;]","og_url":"https:\/\/www.aubarne.fr\/index.php\/623-2\/","og_site_name":"Aubarne Promotion immobili\u00e8re","article_modified_time":"2024-02-06T08:42:24+00:00","twitter_card":"summary_large_image","twitter_misc":{"Dur\u00e9e de lecture estim\u00e9e":"1 minute"},"schema":{"@context":"https:\/\/schema.org","@graph":[{"@type":"WebPage","@id":"https:\/\/www.aubarne.fr\/index.php\/623-2\/","url":"https:\/\/www.aubarne.fr\/index.php\/623-2\/","name":"Le Clos des Bouviers - Aubarne Promotion immobili\u00e8re","isPartOf":{"@id":"https:\/\/www.aubarne.fr\/#website"},"datePublished":"2022-02-04T14:08:10+00:00","dateModified":"2024-02-06T08:42:24+00:00","breadcrumb":{"@id":"https:\/\/www.aubarne.fr\/index.php\/623-2\/#breadcrumb"},"inLanguage":"fr-FR","potentialAction":[{"@type":"ReadAction","target":["https:\/\/www.aubarne.fr\/index.php\/623-2\/"]}]},{"@type":"BreadcrumbList","@id":"https:\/\/www.aubarne.fr\/index.php\/623-2\/#breadcrumb","itemListElement":[{"@type":"ListItem","position":1,"name":"Accueil","item":"https:\/\/www.aubarne.fr\/"},{"@type":"ListItem","position":2,"name":"Le Clos des Bouviers"}]},{"@type":"WebSite","@id":"https:\/\/www.aubarne.fr\/#website","url":"https:\/\/www.aubarne.fr\/","name":"Aubarne Promotion immobili\u00e8re","description":"Un promoteur \u00e0 votre \u00e9coute","potentialAction":[{"@type":"SearchAction","target":{"@type":"EntryPoint","urlTemplate":"https:\/\/www.aubarne.fr\/?s={search_term_string}"},"query-input":{"@type":"PropertyValueSpecification","valueRequired":true,"valueName":"search_term_string"}}],"inLanguage":"fr-FR"}]}},"_links":{"self":[{"href":"https:\/\/www.aubarne.fr\/index.php\/wp-json\/wp\/v2\/pages\/623","targetHints":{"allow":["GET"]}}],"collection":[{"href":"https:\/\/www.aubarne.fr\/index.php\/wp-json\/wp\/v2\/pages"}],"about":[{"href":"https:\/\/www.aubarne.fr\/index.php\/wp-json\/wp\/v2\/types\/page"}],"author":[{"embeddable":true,"href":"https:\/\/www.aubarne.fr\/index.php\/wp-json\/wp\/v2\/users\/1"}],"replies":[{"embeddable":true,"href":"https:\/\/www.aubarne.fr\/index.php\/wp-json\/wp\/v2\/comments?post=623"}],"version-history":[{"count":7,"href":"https:\/\/www.aubarne.fr\/index.php\/wp-json\/wp\/v2\/pages\/623\/revisions"}],"predecessor-version":[{"id":1364,"href":"https:\/\/www.aubarne.fr\/index.php\/wp-json\/wp\/v2\/pages\/623\/revisions\/1364"}],"wp:attachment":[{"href":"https:\/\/www.aubarne.fr\/index.php\/wp-json\/wp\/v2\/media?parent=623"}],"curies":[{"name":"wp","href":"https:\/\/api.w.org\/{rel}","templated":true}]}}